{"id":106128,"date":"2026-05-05T05:58:14","date_gmt":"2026-05-05T05:58:14","guid":{"rendered":"https:\/\/go4shop.eu\/en\/product\/smartwatch-samsung-galaxy-watch6-classic-o-47-mm-silver\/"},"modified":"2026-05-05T05:58:14","modified_gmt":"2026-05-05T05:58:14","slug":"smartwatch-samsung-galaxy-watch6-classic-o-47-mm-silver","status":"publish","type":"product","link":"https:\/\/go4shop.eu\/et\/product\/smartwatch-samsung-galaxy-watch6-classic-o-47-mm-silver\/","title":{"rendered":"Smartwatch Samsung Galaxy Watch6 Classic \u00d8 47 mm Silver"},"content":{"rendered":"<p>Kui sul on kirg <b>IT ja elektroonika<\/b>, nagu seda, et olla kursis tehnoloogiaga ja mitte j\u00e4tta m\u00e4rkamata isegi k\u00f5ige v\u00e4iksemaid detaile, osta <b> Smartwatch Samsung Galaxy Watch6 Classic \u00d8 47 mm Silver <\/b> soodsalt.<\/p>\n<ul>\n<li>V\u00e4rvus:\n<ul>\n<li>Grey<\/li>\n<li>Silver<\/li>\n<\/ul>\n<\/li>\n<li>Sisaldab:\n<ul>\n<li>User manual<\/li>\n<li>Charger<\/li>\n<\/ul>\n<\/li>\n<li>Approx. weight: 59 g<\/li>\n<li>Battery capacity: 425 mAh<\/li>\n<li>Impermeable: 5 atm<\/li>\n<li>Radio FM: No<\/li>\n<li>Puutetundlik ekraan: Jah<\/li>\n<li>\u00dchenduvus\n<ul>\n<li>Bluetooth<\/li>\n<li>NFC<\/li>\n<\/ul>\n<\/li>\n<li>Kellat\u00fc\u00fcp: Nutikell<\/li>\n<li>Tootega on kaasas pistik: Jah<\/li>\n<li>Watch case diameter: \u00d8 47 mm<\/li>\n<li>Pistiku t\u00fc\u00fcp: Pistiku EU<\/li>\n<li>Toiteallikas: Elektriv\u00f5rk<\/li>\n<li>Internal Memory: 16 GB<\/li>\n<li>Processor: Dual Core<\/li>\n<li>RAM Memory: 2 GB RAM<\/li>\n<li>Screen: 1,5&#8243;<\/li>\n<li>Type: Blood Pressure Monitor<\/li>\n<li>Material: Stainless steel<\/li>\n<li>Omadused\n<ul>\n<li>Veekindel<\/li>\n<li>Puuteekraan<\/li>\n<li>Distance travelled<\/li>\n<li>SMS<\/li>\n<li>5 atm<\/li>\n<li>K\u00f5ne- ja s\u00f5numiteated<\/li>\n<li>Automatic<\/li>\n<li>Magnetic Charging<\/li>\n<\/ul>\n<\/li>\n<li>Funktsioonid\n<ul>\n<li>V\u00e4rviline ekraan<\/li>\n<li>Kalorite tarbimine<\/li>\n<li>Une monitor<\/li>\n<li>Otsi seadet<\/li>\n<li>S\u00fcdame l\u00f6\u00f6gisageduse monitor<\/li>\n<\/ul>\n<\/li>\n<li>Battery type: Integrated<\/li>\n<li>Strap colour: Grey<\/li>\n<li>Kuju: Ringikujuline<\/li>\n<li>IP rating: IP68<\/li>\n<li>Kaamera: Ei<\/li>\n<li>USB \u00fchendus: Ei<\/li>\n<li>Not included: Mobile network connection<\/li>\n<li>Approx. autonomy: 40 hours<\/li>\n<\/ul>","protected":false},"excerpt":{"rendered":"<p>If you&#8217;re passionate about IT and electronics, like being up to date on technology and don&#8217;t miss even the slightest details, buy Smartwatch Samsung Galaxy Watch6 Classic \u00d8 47 mm Silver at an unbeatable price. Colour: Grey Silver Includes: User manual Charger Approx. weight: 59 g Battery capacity: 425 mAh Impermeable: 5 atm Radio FM: [&hellip;]<\/p>\n","protected":false},"featured_media":106122,"comment_status":"open","ping_status":"closed","template":"","meta":{"_monsterinsights_skip_tracking":false,"_monsterinsights_sitenote_active":false,"_monsterinsights_sitenote_note":"","_monsterinsights_sitenote_category":0,"_joinchat":[]},"product_brand":[],"product_cat":[1328,1329,1330],"product_tag":[1308,1307,1306],"class_list":{"0":"post-106128","1":"product","2":"type-product","3":"status-publish","4":"has-post-thumbnail","6":"product_cat-computers-electronics","7":"product_cat-electronics-phones-tablets","8":"product_cat-smartwatches","9":"product_tag-tag_1261","10":"product_tag-tag_547","11":"product_tag-tag_1295","13":"first","14":"outofstock","15":"shipping-taxable","16":"purchasable","17":"product-type-simple"},"jetpack_sharing_enabled":true,"_links":{"self":[{"href":"https:\/\/go4shop.eu\/et\/wp-json\/wp\/v2\/product\/106128","targetHints":{"allow":["GET"]}}],"collection":[{"href":"https:\/\/go4shop.eu\/et\/wp-json\/wp\/v2\/product"}],"about":[{"href":"https:\/\/go4shop.eu\/et\/wp-json\/wp\/v2\/types\/product"}],"replies":[{"embeddable":true,"href":"https:\/\/go4shop.eu\/et\/wp-json\/wp\/v2\/comments?post=106128"}],"wp:featuredmedia":[{"embeddable":true,"href":"https:\/\/go4shop.eu\/et\/wp-json\/wp\/v2\/media\/106122"}],"wp:attachment":[{"href":"https:\/\/go4shop.eu\/et\/wp-json\/wp\/v2\/media?parent=106128"}],"wp:term":[{"taxonomy":"product_brand","embeddable":true,"href":"https:\/\/go4shop.eu\/et\/wp-json\/wp\/v2\/product_brand?post=106128"},{"taxonomy":"product_cat","embeddable":true,"href":"https:\/\/go4shop.eu\/et\/wp-json\/wp\/v2\/product_cat?post=106128"},{"taxonomy":"product_tag","embeddable":true,"href":"https:\/\/go4shop.eu\/et\/wp-json\/wp\/v2\/product_tag?post=106128"}],"curies":[{"name":"wp","href":"https:\/\/api.w.org\/{rel}","templated":true}]}}