{"id":105532,"date":"2026-04-15T08:33:04","date_gmt":"2026-04-15T08:33:04","guid":{"rendered":"https:\/\/go4shop.eu\/en\/product\/smartwatch-amazfit-w2550gl2n-black\/"},"modified":"2026-04-15T08:33:04","modified_gmt":"2026-04-15T08:33:04","slug":"smartwatch-amazfit-w2550gl2n-black","status":"publish","type":"product","link":"https:\/\/go4shop.eu\/et\/product\/smartwatch-amazfit-w2550gl2n-black\/","title":{"rendered":"Smartwatch Amazfit W2550GL2N Black"},"content":{"rendered":"<p>Kui sul on kirg <b>IT ja elektroonika<\/b>, nagu seda, et olla kursis tehnoloogiaga ja mitte j\u00e4tta m\u00e4rkamata isegi k\u00f5ige v\u00e4iksemaid detaile, osta <b> Smartwatch Amazfit W2550GL2N Black <\/b> soodsalt.<\/p>\n<ul>\n<li>Kellat\u00fc\u00fcp: Nutikell<\/li>\n<li>Tootega on kaasas pistik: Jah<\/li>\n<li>Alarm: Yes<\/li>\n<li>Omadused\n<ul>\n<li>Puuteekraan<\/li>\n<li>Veekindel<\/li>\n<\/ul>\n<\/li>\n<li>Sisseehitatud mikrofon: Jah<\/li>\n<li>Accelerometer: Yes<\/li>\n<li>Gyroscope: Yes<\/li>\n<li>\u00dchenduvus\n<ul>\n<li>Bluetooth 5.2<\/li>\n<li>Bluetooth<\/li>\n<\/ul>\n<\/li>\n<li>Stopwatch: Yes<\/li>\n<li>Shine: 3000 cd \/ m\u00b2<\/li>\n<li>Pistiku t\u00fc\u00fcp: Pistiku EU<\/li>\n<li>Toiteallikas: Elektriv\u00f5rk<\/li>\n<li>Strap colour: Black<\/li>\n<li>Colour: Black<\/li>\n<li>Materjal:\n<ul>\n<li>Stainless steel<\/li>\n<li>Plastic<\/li>\n<\/ul>\n<\/li>\n<li>Box: 47 mm<\/li>\n<li>Bracelet material: Silicone<\/li>\n<li>Watch case colour: Black<\/li>\n<li>Watch face colour: Black<\/li>\n<li>Gender: Unisex<\/li>\n<li>GPS: Yes<\/li>\n<li>Approx. autonomy:\n<ul>\n<li>20 Days<\/li>\n<li>14 Days<\/li>\n<\/ul>\n<\/li>\n<li>Compatible:\n<ul>\n<li>Android<\/li>\n<li>iOS<\/li>\n<\/ul>\n<\/li>\n<li>Tehnoloogia: AMOLED<\/li>\n<li>Operating System: Amazfit OS<\/li>\n<li>Water resistance: 10 atm<\/li>\n<li>Watch Strap: Silicone<\/li>\n<li>Screen: 1,43&#8243;<\/li>\n<li>Kuju: Ringikujuline<\/li>\n<\/ul>","protected":false},"excerpt":{"rendered":"<p>If you&#8217;re passionate about IT and electronics, like being up to date on technology and don&#8217;t miss even the slightest details, buy Smartwatch Amazfit W2550GL2N Black at an unbeatable price. Type of watch: Smartwatch Product with plug: Yes Alarm: Yes Characteristics: Touchscreen Water resistant Built-in microphone: Yes Accelerometer: Yes Gyroscope: Yes Connectivity: Bluetooth 5.2 Bluetooth [&hellip;]<\/p>\n","protected":false},"featured_media":105531,"comment_status":"open","ping_status":"closed","template":"","meta":{"_monsterinsights_skip_tracking":false,"_monsterinsights_sitenote_active":false,"_monsterinsights_sitenote_note":"","_monsterinsights_sitenote_category":0,"_joinchat":[]},"product_brand":[],"product_cat":[1328,1329,1330],"product_tag":[1308,1307,1306],"class_list":{"0":"post-105532","1":"product","2":"type-product","3":"status-publish","4":"has-post-thumbnail","6":"product_cat-computers-electronics","7":"product_cat-electronics-phones-tablets","8":"product_cat-smartwatches","9":"product_tag-tag_1261","10":"product_tag-tag_547","11":"product_tag-tag_1295","13":"first","14":"instock","15":"shipping-taxable","16":"purchasable","17":"product-type-simple"},"jetpack_sharing_enabled":true,"_links":{"self":[{"href":"https:\/\/go4shop.eu\/et\/wp-json\/wp\/v2\/product\/105532","targetHints":{"allow":["GET"]}}],"collection":[{"href":"https:\/\/go4shop.eu\/et\/wp-json\/wp\/v2\/product"}],"about":[{"href":"https:\/\/go4shop.eu\/et\/wp-json\/wp\/v2\/types\/product"}],"replies":[{"embeddable":true,"href":"https:\/\/go4shop.eu\/et\/wp-json\/wp\/v2\/comments?post=105532"}],"wp:featuredmedia":[{"embeddable":true,"href":"https:\/\/go4shop.eu\/et\/wp-json\/wp\/v2\/media\/105531"}],"wp:attachment":[{"href":"https:\/\/go4shop.eu\/et\/wp-json\/wp\/v2\/media?parent=105532"}],"wp:term":[{"taxonomy":"product_brand","embeddable":true,"href":"https:\/\/go4shop.eu\/et\/wp-json\/wp\/v2\/product_brand?post=105532"},{"taxonomy":"product_cat","embeddable":true,"href":"https:\/\/go4shop.eu\/et\/wp-json\/wp\/v2\/product_cat?post=105532"},{"taxonomy":"product_tag","embeddable":true,"href":"https:\/\/go4shop.eu\/et\/wp-json\/wp\/v2\/product_tag?post=105532"}],"curies":[{"name":"wp","href":"https:\/\/api.w.org\/{rel}","templated":true}]}}