{"id":105439,"date":"2026-04-14T11:18:14","date_gmt":"2026-04-14T11:18:14","guid":{"rendered":"https:\/\/go4shop.eu\/en\/product\/smartwatch-apple-series-10-blue-silver-46-mm\/"},"modified":"2026-04-14T11:18:14","modified_gmt":"2026-04-14T11:18:14","slug":"smartwatch-apple-series-10-blue-silver-46-mm","status":"publish","type":"product","link":"https:\/\/go4shop.eu\/et\/product\/smartwatch-apple-series-10-blue-silver-46-mm\/","title":{"rendered":"Smartwatch Apple Series 10 Blue Silver 46 mm"},"content":{"rendered":"<p>Kui sul on kirg <b>IT ja elektroonika<\/b>, nagu seda, et olla kursis tehnoloogiaga ja mitte j\u00e4tta m\u00e4rkamata isegi k\u00f5ige v\u00e4iksemaid detaile, osta <b> Smartwatch Apple Series 10 Blue Silver 46 mm <\/b> soodsalt.<\/p>\n<ul>\n<li>\u00dchenduvus\n<ul>\n<li>Bluetooth<\/li>\n<li>WiFi<\/li>\n<li>GPS<\/li>\n<li>NFC<\/li>\n<li>BeiDou<\/li>\n<li>Galileo<\/li>\n<li>Bluetooth 5.3<\/li>\n<\/ul>\n<\/li>\n<li>Operating System: iOS<\/li>\n<li>Capacity: 64 GB<\/li>\n<li>V\u00e4rvus:\n<ul>\n<li>Silver<\/li>\n<li>Blue<\/li>\n<\/ul>\n<\/li>\n<li>Tootega on kaasas pistik: Jah<\/li>\n<li>Pistiku t\u00fc\u00fcp: Pistiku EU<\/li>\n<li>Size: S\/M<\/li>\n<li>Kellat\u00fc\u00fcp: Nutikell<\/li>\n<li>Toiteallikas: Elektriv\u00f5rk<\/li>\n<li>Internal Memory: 64 GB<\/li>\n<li>Processor: Dual Core<\/li>\n<li>Screen: 1,96&#8243;<\/li>\n<li>Materjal:\n<ul>\n<li>Rubber<\/li>\n<li>Aluminium<\/li>\n<\/ul>\n<\/li>\n<li>Omadused\n<ul>\n<li>Akseleromeeter<\/li>\n<li>Integreeritud k\u00f5larid<\/li>\n<li>Puuteekraan<\/li>\n<li>Valgusandur<\/li>\n<li>G\u00fcroskoop<\/li>\n<li>Resistant to water and dust<\/li>\n<li>Altimeter<\/li>\n<li>Sisseehitatud mikrofon<\/li>\n<li>Une monitor<\/li>\n<li>SMS<\/li>\n<li>Magnetic Charging<\/li>\n<li>Screen with rounded corners<\/li>\n<\/ul>\n<\/li>\n<li>Aku t\u00fc\u00fcp:\n<ul>\n<li>Integreeritud<\/li>\n<li>Liitiumioon<\/li>\n<\/ul>\n<\/li>\n<li>Compatible: Siri<\/li>\n<li>Box: 46 mm<\/li>\n<li>Shape: Rectangular<\/li>\n<li>Kaamera: Ei<\/li>\n<li>Funktsioonid\n<ul>\n<li>Une monitor<\/li>\n<li>S\u00fcdame l\u00f6\u00f6gisageduse monitor<\/li>\n<\/ul>\n<\/li>\n<li>Cordless Charger: Yes<\/li>\n<li>Radio FM: No<\/li>\n<li>Water resistant: 50 m<\/li>\n<li>Technology: OLED<\/li>\n<li>USB \u00fchendus: Ei<\/li>\n<li>Includes: Charger<\/li>\n<li>Rihm: Eemaldatav<\/li>\n<li>Not included: Mobile network connection<\/li>\n<li>Flash Memory: 64 MB<\/li>\n<\/ul>","protected":false},"excerpt":{"rendered":"<p>If you&#8217;re passionate about IT and electronics, like being up to date on technology and don&#8217;t miss even the slightest details, buy Smartwatch Apple Series 10 Blue Silver 46 mm at an unbeatable price. Connectivity: Bluetooth Wi-Fi GPS NFC BeiDou Galileo Bluetooth 5.3 Operating System: iOS Capacity: 64 GB Colour: Silver Blue Product with plug: [&hellip;]<\/p>\n","protected":false},"featured_media":105430,"comment_status":"open","ping_status":"closed","template":"","meta":{"_monsterinsights_skip_tracking":false,"_monsterinsights_sitenote_active":false,"_monsterinsights_sitenote_note":"","_monsterinsights_sitenote_category":0,"_joinchat":[]},"product_brand":[],"product_cat":[1328,1329,1330],"product_tag":[1308,1307,1306],"class_list":{"0":"post-105439","1":"product","2":"type-product","3":"status-publish","4":"has-post-thumbnail","6":"product_cat-computers-electronics","7":"product_cat-electronics-phones-tablets","8":"product_cat-smartwatches","9":"product_tag-tag_1261","10":"product_tag-tag_547","11":"product_tag-tag_1295","13":"first","14":"instock","15":"shipping-taxable","16":"purchasable","17":"product-type-simple"},"jetpack_sharing_enabled":true,"_links":{"self":[{"href":"https:\/\/go4shop.eu\/et\/wp-json\/wp\/v2\/product\/105439","targetHints":{"allow":["GET"]}}],"collection":[{"href":"https:\/\/go4shop.eu\/et\/wp-json\/wp\/v2\/product"}],"about":[{"href":"https:\/\/go4shop.eu\/et\/wp-json\/wp\/v2\/types\/product"}],"replies":[{"embeddable":true,"href":"https:\/\/go4shop.eu\/et\/wp-json\/wp\/v2\/comments?post=105439"}],"wp:featuredmedia":[{"embeddable":true,"href":"https:\/\/go4shop.eu\/et\/wp-json\/wp\/v2\/media\/105430"}],"wp:attachment":[{"href":"https:\/\/go4shop.eu\/et\/wp-json\/wp\/v2\/media?parent=105439"}],"wp:term":[{"taxonomy":"product_brand","embeddable":true,"href":"https:\/\/go4shop.eu\/et\/wp-json\/wp\/v2\/product_brand?post=105439"},{"taxonomy":"product_cat","embeddable":true,"href":"https:\/\/go4shop.eu\/et\/wp-json\/wp\/v2\/product_cat?post=105439"},{"taxonomy":"product_tag","embeddable":true,"href":"https:\/\/go4shop.eu\/et\/wp-json\/wp\/v2\/product_tag?post=105439"}],"curies":[{"name":"wp","href":"https:\/\/api.w.org\/{rel}","templated":true}]}}