{"id":105348,"date":"2026-04-13T07:53:06","date_gmt":"2026-04-13T07:53:06","guid":{"rendered":"https:\/\/go4shop.eu\/en\/product\/surveillance-camcorder-axis-q1715\/"},"modified":"2026-04-13T07:53:06","modified_gmt":"2026-04-13T07:53:06","slug":"surveillance-camcorder-axis-q1715","status":"publish","type":"product","link":"https:\/\/go4shop.eu\/et\/product\/surveillance-camcorder-axis-q1715\/","title":{"rendered":"Surveillance Camcorder Axis Q1715"},"content":{"rendered":"<p>Kui sul on kirg <b>IT ja elektroonika<\/b>, nagu seda, et olla kursis tehnoloogiaga ja mitte j\u00e4tta m\u00e4rkamata isegi k\u00f5ige v\u00e4iksemaid detaile, osta <b> Surveillance Camcorder Axis Q1715 <\/b> soodsalt.<\/p>\n<ul>\n<li>Type:\n<ul>\n<li>Wired<\/li>\n<li>Videocamera<\/li>\n<li>IP security camera<\/li>\n<\/ul>\n<\/li>\n<li>Colour: Black<\/li>\n<li>\u00dchendused\n<ul>\n<li>PoE x 1<\/li>\n<li>USB<\/li>\n<\/ul>\n<\/li>\n<li>Form factor: Bullet<\/li>\n<li>Sensor: CMOS<\/li>\n<li>Resolution (px):\n<ul>\n<li>1920 x 1080 px<\/li>\n<li>1080 px<\/li>\n<\/ul>\n<\/li>\n<li>Power supply: Electric cable<\/li>\n<li>Video resolution: 1080 px<\/li>\n<\/ul>","protected":false},"excerpt":{"rendered":"<p>If you&#8217;re passionate about IT and electronics, like being up to date on technology and don&#8217;t miss even the slightest details, buy Surveillance Camcorder Axis Q1715 at an unbeatable price. Type: Wired Videocamera IP security camera Colour: Black Connections: PoE x 1 USB Form factor: Bullet Sensor: CMOS Resolution (px): 1920 x 1080 px 1080 [&hellip;]<\/p>\n","protected":false},"featured_media":105346,"comment_status":"open","ping_status":"closed","template":"","meta":{"_monsterinsights_skip_tracking":false,"_monsterinsights_sitenote_active":false,"_monsterinsights_sitenote_note":"","_monsterinsights_sitenote_category":0,"_joinchat":[]},"product_brand":[],"product_cat":[1324,1323,1325],"product_tag":[1303,1304],"class_list":{"0":"post-105348","1":"product","2":"type-product","3":"status-publish","4":"has-post-thumbnail","6":"product_cat-automation-and-safety","7":"product_cat-home-garden","8":"product_cat-surveillance-video-cameras","9":"product_tag-tag_25","10":"product_tag-tag_556","12":"first","13":"outofstock","14":"shipping-taxable","15":"purchasable","16":"product-type-simple"},"jetpack_sharing_enabled":true,"_links":{"self":[{"href":"https:\/\/go4shop.eu\/et\/wp-json\/wp\/v2\/product\/105348","targetHints":{"allow":["GET"]}}],"collection":[{"href":"https:\/\/go4shop.eu\/et\/wp-json\/wp\/v2\/product"}],"about":[{"href":"https:\/\/go4shop.eu\/et\/wp-json\/wp\/v2\/types\/product"}],"replies":[{"embeddable":true,"href":"https:\/\/go4shop.eu\/et\/wp-json\/wp\/v2\/comments?post=105348"}],"wp:featuredmedia":[{"embeddable":true,"href":"https:\/\/go4shop.eu\/et\/wp-json\/wp\/v2\/media\/105346"}],"wp:attachment":[{"href":"https:\/\/go4shop.eu\/et\/wp-json\/wp\/v2\/media?parent=105348"}],"wp:term":[{"taxonomy":"product_brand","embeddable":true,"href":"https:\/\/go4shop.eu\/et\/wp-json\/wp\/v2\/product_brand?post=105348"},{"taxonomy":"product_cat","embeddable":true,"href":"https:\/\/go4shop.eu\/et\/wp-json\/wp\/v2\/product_cat?post=105348"},{"taxonomy":"product_tag","embeddable":true,"href":"https:\/\/go4shop.eu\/et\/wp-json\/wp\/v2\/product_tag?post=105348"}],"curies":[{"name":"wp","href":"https:\/\/api.w.org\/{rel}","templated":true}]}}