{"id":104878,"date":"2026-03-31T04:13:12","date_gmt":"2026-03-31T04:13:12","guid":{"rendered":"https:\/\/go4shop.eu\/en\/product\/smartwatch-apple-watch-series-11-gps-cellular-grey-42-mm-46-mm-o-425-mm\/"},"modified":"2026-04-02T07:06:34","modified_gmt":"2026-04-02T07:06:34","slug":"smartwatch-apple-watch-series-11-gps-cellular-grey-42-mm-46-mm-o-425-mm","status":"publish","type":"product","link":"https:\/\/go4shop.eu\/de\/product\/smartwatch-apple-watch-series-11-gps-cellular-grey-42-mm-46-mm-o-425-mm\/","title":{"rendered":"Smartwatch Apple Watch Series 11 GPS + Cellular Grey 42 mm 46 mm \u00d8 42,5 mm"},"content":{"rendered":"<p>Wenn Sie auf der Suche nach neuen Markttrends sind, pr\u00e4sentieren wir Ihnen die <b>Smartwatch Apple Watch Series 11 GPS + Cellular Grey 42 mm 46 mm \u00d8 42,5 mm<\/b>!<\/p>\n<ul>\n<li>Type of watch: Smartwatch<\/li>\n<li>Produkt mit Stecker: Ja<\/li>\n<li>Typ des Steckers: Stecker EU<\/li>\n<li>Energieversorgung: Elektrisches Netz<\/li>\n<li>Farbe: Grau<\/li>\n<li>Material:\n<ul>\n<li>Titanium<\/li>\n<li>Sapphire<\/li>\n<li>Fluoroelastomere<\/li>\n<\/ul>\n<\/li>\n<li>Konnektivit\u00e4t:\n<ul>\n<li>Bluetooth<\/li>\n<li>GPS<\/li>\n<li>Glonass<\/li>\n<li>BeiDou<\/li>\n<li>Galileo<\/li>\n<li>5G<\/li>\n<li>LTE<\/li>\n<li>Wi-Fi 4 (802.11n)<\/li>\n<li>Bluetooth 5.3<\/li>\n<\/ul>\n<\/li>\n<li>Box: 42 mm<\/li>\n<li>Bracelet material: Fluoroelastomere<\/li>\n<li>Strap colour: Grey<\/li>\n<li>Size:\n<ul>\n<li>S\/M<\/li>\n<li>42 mm<\/li>\n<\/ul>\n<\/li>\n<li>Technologie:\n<ul>\n<li>GPS<\/li>\n<li>OLED<\/li>\n<\/ul>\n<\/li>\n<li>Gender: Adults unisex<\/li>\n<li>GPS: Ja<\/li>\n<li>Bracelet: S-L<\/li>\n<li>Approx. autonomy: 24 hours<\/li>\n<li>Watch Strap: Silicone<\/li>\n<li>Diameter of the box: 46 mm<\/li>\n<li>Kompatibel:\n<ul>\n<li>iPhone 11 Pro<\/li>\n<li>iPhone 11 Pro Max<\/li>\n<li>iPhone 12 Mini<\/li>\n<li>iPhone 12 Pro<\/li>\n<li>iPhone 12 Pro Max<\/li>\n<li>Apfel<\/li>\n<li>iPhone 12<\/li>\n<li>iPhone 13 Mini<\/li>\n<li>iPhone 13 Pro Max<\/li>\n<li>iPhone 13 Pro<\/li>\n<li>iPhone 13<\/li>\n<li>iPhone 14 Plus<\/li>\n<li>iPhone 14 Pro<\/li>\n<li>iPhone 14<\/li>\n<li>iPhone 14 Pro Max<\/li>\n<li>iPhone 15 Pro<\/li>\n<\/ul>\n<\/li>\n<li>Sport: Swimming<\/li>\n<li>Watch case diameter: \u00d8 42,5 mm<\/li>\n<li>Operating System: WatchOS 9<\/li>\n<\/ul>","protected":false},"excerpt":{"rendered":"<p><span class=\"unit-info\">19195.2381 &euro; \/ 1 m<\/span><\/p>","protected":false},"featured_media":104877,"comment_status":"open","ping_status":"closed","template":"","meta":{"_monsterinsights_skip_tracking":false,"_monsterinsights_sitenote_active":false,"_monsterinsights_sitenote_note":"","_monsterinsights_sitenote_category":0,"_joinchat":[]},"product_brand":[],"product_cat":[1328,1329,1330],"product_tag":[1308,1307,1306],"class_list":{"0":"post-104878","1":"product","2":"type-product","3":"status-publish","4":"has-post-thumbnail","6":"product_cat-computers-electronics","7":"product_cat-electronics-phones-tablets","8":"product_cat-smartwatches","9":"product_tag-tag_1261","10":"product_tag-tag_547","11":"product_tag-tag_1295","13":"first","14":"instock","15":"shipping-taxable","16":"purchasable","17":"product-type-simple"},"jetpack_sharing_enabled":true,"_links":{"self":[{"href":"https:\/\/go4shop.eu\/de\/wp-json\/wp\/v2\/product\/104878","targetHints":{"allow":["GET"]}}],"collection":[{"href":"https:\/\/go4shop.eu\/de\/wp-json\/wp\/v2\/product"}],"about":[{"href":"https:\/\/go4shop.eu\/de\/wp-json\/wp\/v2\/types\/product"}],"replies":[{"embeddable":true,"href":"https:\/\/go4shop.eu\/de\/wp-json\/wp\/v2\/comments?post=104878"}],"wp:featuredmedia":[{"embeddable":true,"href":"https:\/\/go4shop.eu\/de\/wp-json\/wp\/v2\/media\/104877"}],"wp:attachment":[{"href":"https:\/\/go4shop.eu\/de\/wp-json\/wp\/v2\/media?parent=104878"}],"wp:term":[{"taxonomy":"product_brand","embeddable":true,"href":"https:\/\/go4shop.eu\/de\/wp-json\/wp\/v2\/product_brand?post=104878"},{"taxonomy":"product_cat","embeddable":true,"href":"https:\/\/go4shop.eu\/de\/wp-json\/wp\/v2\/product_cat?post=104878"},{"taxonomy":"product_tag","embeddable":true,"href":"https:\/\/go4shop.eu\/de\/wp-json\/wp\/v2\/product_tag?post=104878"}],"curies":[{"name":"wp","href":"https:\/\/api.w.org\/{rel}","templated":true}]}}