{"id":104874,"date":"2026-03-31T04:13:09","date_gmt":"2026-03-31T04:13:09","guid":{"rendered":"https:\/\/go4shop.eu\/en\/product\/smartwatch-apple-watch-series-11-gps-cellular-titanium-42-mm-o-425-mm\/"},"modified":"2026-04-02T07:06:34","modified_gmt":"2026-04-02T07:06:34","slug":"smartwatch-apple-watch-series-11-gps-cellular-titanium-42-mm-o-425-mm","status":"publish","type":"product","link":"https:\/\/go4shop.eu\/de\/product\/smartwatch-apple-watch-series-11-gps-cellular-titanium-42-mm-o-425-mm\/","title":{"rendered":"Smartwatch Apple Watch Series 11 GPS + Cellular Titanium 42 mm \u00d8 42,5 mm"},"content":{"rendered":"<p>Wenn Sie auf der Suche nach neuen Markttrends sind, pr\u00e4sentieren wir Ihnen die <b>Smartwatch Apple Watch Series 11 GPS + Cellular Titanium 42 mm \u00d8 42,5 mm<\/b>!<\/p>\n<ul>\n<li>Type of watch: Smartwatch<\/li>\n<li>Produkt mit Stecker: Ja<\/li>\n<li>Typ des Steckers: Stecker EU<\/li>\n<li>Energieversorgung: Elektrisches Netz<\/li>\n<li>Colour: Titanium<\/li>\n<li>Material:\n<ul>\n<li>Titanium<\/li>\n<li>Sapphire<\/li>\n<\/ul>\n<\/li>\n<li>Box: 42 mm<\/li>\n<li>Bracelet material: Titanium<\/li>\n<li>Technologie:\n<ul>\n<li>GPS<\/li>\n<li>Glonass<\/li>\n<li>OLED<\/li>\n<\/ul>\n<\/li>\n<li>Gender: Adults unisex<\/li>\n<li>GPS: Ja<\/li>\n<li>Water resistance: 5 atm<\/li>\n<li>Konnektivit\u00e4t:\n<ul>\n<li>NFC<\/li>\n<li>5G<\/li>\n<li>LTE<\/li>\n<li>Wi-Fi 4 (802.11n)<\/li>\n<li>Bluetooth 5.3<\/li>\n<\/ul>\n<\/li>\n<li>Bracelet: Adjustable<\/li>\n<li>Approx. autonomy: 24 hours<\/li>\n<li>Compatible: iPhone, Android, Windows<\/li>\n<li>Size: 42 mm<\/li>\n<li>Sport: Swimming<\/li>\n<li>Watch case diameter: \u00d8 42,5 mm<\/li>\n<\/ul>","protected":false},"excerpt":{"rendered":"<p><span class=\"unit-info\">20478.5714 &euro; \/ 1 m<\/span><\/p>","protected":false},"featured_media":104873,"comment_status":"open","ping_status":"closed","template":"","meta":{"_monsterinsights_skip_tracking":false,"_monsterinsights_sitenote_active":false,"_monsterinsights_sitenote_note":"","_monsterinsights_sitenote_category":0,"_joinchat":[]},"product_brand":[],"product_cat":[1328,1329,1330],"product_tag":[1308,1307,1306],"class_list":{"0":"post-104874","1":"product","2":"type-product","3":"status-publish","4":"has-post-thumbnail","6":"product_cat-computers-electronics","7":"product_cat-electronics-phones-tablets","8":"product_cat-smartwatches","9":"product_tag-tag_1261","10":"product_tag-tag_547","11":"product_tag-tag_1295","13":"first","14":"instock","15":"shipping-taxable","16":"purchasable","17":"product-type-simple"},"jetpack_sharing_enabled":true,"_links":{"self":[{"href":"https:\/\/go4shop.eu\/de\/wp-json\/wp\/v2\/product\/104874","targetHints":{"allow":["GET"]}}],"collection":[{"href":"https:\/\/go4shop.eu\/de\/wp-json\/wp\/v2\/product"}],"about":[{"href":"https:\/\/go4shop.eu\/de\/wp-json\/wp\/v2\/types\/product"}],"replies":[{"embeddable":true,"href":"https:\/\/go4shop.eu\/de\/wp-json\/wp\/v2\/comments?post=104874"}],"wp:featuredmedia":[{"embeddable":true,"href":"https:\/\/go4shop.eu\/de\/wp-json\/wp\/v2\/media\/104873"}],"wp:attachment":[{"href":"https:\/\/go4shop.eu\/de\/wp-json\/wp\/v2\/media?parent=104874"}],"wp:term":[{"taxonomy":"product_brand","embeddable":true,"href":"https:\/\/go4shop.eu\/de\/wp-json\/wp\/v2\/product_brand?post=104874"},{"taxonomy":"product_cat","embeddable":true,"href":"https:\/\/go4shop.eu\/de\/wp-json\/wp\/v2\/product_cat?post=104874"},{"taxonomy":"product_tag","embeddable":true,"href":"https:\/\/go4shop.eu\/de\/wp-json\/wp\/v2\/product_tag?post=104874"}],"curies":[{"name":"wp","href":"https:\/\/api.w.org\/{rel}","templated":true}]}}