{"id":104389,"date":"2026-03-30T19:57:15","date_gmt":"2026-03-30T19:57:15","guid":{"rendered":"https:\/\/go4shop.eu\/en\/product\/smartwatch-apple-apple-watch-series-11-gps-46mm-black-196-46-mm-o-46-mm\/"},"modified":"2026-04-02T07:06:33","modified_gmt":"2026-04-02T07:06:33","slug":"smartwatch-apple-apple-watch-series-11-gps-46mm-black-196-46-mm-o-46-mm","status":"publish","type":"product","link":"https:\/\/go4shop.eu\/de\/product\/smartwatch-apple-apple-watch-series-11-gps-46mm-black-196-46-mm-o-46-mm\/","title":{"rendered":"Smartwatch Apple Apple Watch Series 11 GPS 46mm Schwarz 1,96 Zoll 46 mm \u00d8 46 mm"},"content":{"rendered":"<p>Wenn Sie auf der Suche nach neuen Markttrends sind, pr\u00e4sentieren wir Ihnen die <b>Smartwatch Apple Apple Watch Series 11 GPS 46mm Schwarz 1,96 Zoll 46 mm \u00d8 46 mm<\/b>!<\/p>\n<ul>\n<li>Type of watch: Smartwatch<\/li>\n<li>Produkt mit Stecker: Ja<\/li>\n<li>Energieversorgung: Elektrisches Netz<\/li>\n<li>Farbe: Schwarz<\/li>\n<li>Interner Speicher: 64 GB<\/li>\n<li>Processor: Dual Core<\/li>\n<li>Screen: 1,96&#8243;<\/li>\n<li>Material:\n<ul>\n<li>Glas<\/li>\n<li>Silicone<\/li>\n<li>Aluminium<\/li>\n<\/ul>\n<\/li>\n<li>Konnektivit\u00e4t:\n<ul>\n<li>Bluetooth<\/li>\n<li>Wi-Fi<\/li>\n<li>GPS<\/li>\n<\/ul>\n<\/li>\n<li>Box: 46 mm<\/li>\n<li>Bracelet material: Fluoroelastomere<\/li>\n<li>Strap colour: Black<\/li>\n<li>Technologie:\n<ul>\n<li>GPS<\/li>\n<li>Drahtlos<\/li>\n<li>Touchpad<\/li>\n<li>Pedometer<\/li>\n<li>Heart-rate Monitor<\/li>\n<li>OLED<\/li>\n<\/ul>\n<\/li>\n<li>Watch case colour: Black<\/li>\n<li>Watch face colour: Black<\/li>\n<li>Geschlecht: Unisex<\/li>\n<li>GPS: Ja<\/li>\n<li>Water resistance: 5 atm<\/li>\n<li>Compatible: iOS<\/li>\n<li>Bracelet: Adjustable<\/li>\n<li>Approx. autonomy: 24 hours<\/li>\n<li>Watch Strap: Silicone<\/li>\n<li>Diameter of the box: 46 mm<\/li>\n<li>Size:\n<ul>\n<li>46 mm<\/li>\n<li>M\/L<\/li>\n<\/ul>\n<\/li>\n<li>Operating System: watchOS 7<\/li>\n<li>Sport:\n<ul>\n<li>Fitness<\/li>\n<li>Swimming<\/li>\n<\/ul>\n<\/li>\n<li>Watch case diameter: \u00d8 46 mm<\/li>\n<\/ul>","protected":false},"excerpt":{"rendered":"<p><span class=\"unit-info\">10782.6087 &euro; \/ 1 m<\/span><\/p>","protected":false},"featured_media":104387,"comment_status":"open","ping_status":"closed","template":"","meta":{"_monsterinsights_skip_tracking":false,"_monsterinsights_sitenote_active":false,"_monsterinsights_sitenote_note":"","_monsterinsights_sitenote_category":0,"_joinchat":[]},"product_brand":[],"product_cat":[1328,1329,1330],"product_tag":[1308,1307,1306],"class_list":{"0":"post-104389","1":"product","2":"type-product","3":"status-publish","4":"has-post-thumbnail","6":"product_cat-computers-electronics","7":"product_cat-electronics-phones-tablets","8":"product_cat-smartwatches","9":"product_tag-tag_1261","10":"product_tag-tag_547","11":"product_tag-tag_1295","13":"first","14":"instock","15":"shipping-taxable","16":"purchasable","17":"product-type-simple"},"jetpack_sharing_enabled":true,"_links":{"self":[{"href":"https:\/\/go4shop.eu\/de\/wp-json\/wp\/v2\/product\/104389","targetHints":{"allow":["GET"]}}],"collection":[{"href":"https:\/\/go4shop.eu\/de\/wp-json\/wp\/v2\/product"}],"about":[{"href":"https:\/\/go4shop.eu\/de\/wp-json\/wp\/v2\/types\/product"}],"replies":[{"embeddable":true,"href":"https:\/\/go4shop.eu\/de\/wp-json\/wp\/v2\/comments?post=104389"}],"wp:featuredmedia":[{"embeddable":true,"href":"https:\/\/go4shop.eu\/de\/wp-json\/wp\/v2\/media\/104387"}],"wp:attachment":[{"href":"https:\/\/go4shop.eu\/de\/wp-json\/wp\/v2\/media?parent=104389"}],"wp:term":[{"taxonomy":"product_brand","embeddable":true,"href":"https:\/\/go4shop.eu\/de\/wp-json\/wp\/v2\/product_brand?post=104389"},{"taxonomy":"product_cat","embeddable":true,"href":"https:\/\/go4shop.eu\/de\/wp-json\/wp\/v2\/product_cat?post=104389"},{"taxonomy":"product_tag","embeddable":true,"href":"https:\/\/go4shop.eu\/de\/wp-json\/wp\/v2\/product_tag?post=104389"}],"curies":[{"name":"wp","href":"https:\/\/api.w.org\/{rel}","templated":true}]}}