{"id":104195,"date":"2026-03-30T19:53:23","date_gmt":"2026-03-30T19:53:23","guid":{"rendered":"https:\/\/go4shop.eu\/en\/product\/surveillance-camcorder-arlo\/"},"modified":"2026-04-02T07:06:32","modified_gmt":"2026-04-02T07:06:32","slug":"surveillance-camcorder-arlo","status":"publish","type":"product","link":"https:\/\/go4shop.eu\/de\/product\/surveillance-camcorder-arlo\/","title":{"rendered":"\u00dcberwachungs-Camcorder Arlo"},"content":{"rendered":"<p>Wenn Sie auf der Suche nach neuen Markttrends sind, pr\u00e4sentieren wir Ihnen die <b>\u00dcberwachungs-Camcorder Arlo<\/b>!<\/p>\n<ul>\n<li>Art:\n<ul>\n<li>Videokamera<\/li>\n<li>IP-Sicherheitskamera<\/li>\n<\/ul>\n<\/li>\n<li>Farbe: Wei\u00df<\/li>\n<li>Merkmale: Drahtlos<\/li>\n<li>Konnektivit\u00e4t: Wi-Fi<\/li>\n<li>Funktionen: Nachtsicht<\/li>\n<\/ul>","protected":false},"excerpt":{"rendered":"<p>If you are looking for new market trending items, we present the Surveillance Camcorder Arlo! Type: Videocamera IP security camera Colour: White Characteristics: Wireless Connectivity: Wi-Fi Functions: Night vision<\/p>","protected":false},"featured_media":104186,"comment_status":"open","ping_status":"closed","template":"","meta":{"_monsterinsights_skip_tracking":false,"_monsterinsights_sitenote_active":false,"_monsterinsights_sitenote_note":"","_monsterinsights_sitenote_category":0,"_joinchat":[]},"product_brand":[],"product_cat":[1324,1323,1325],"product_tag":[1302,1303,1304],"class_list":{"0":"post-104195","1":"product","2":"type-product","3":"status-publish","4":"has-post-thumbnail","6":"product_cat-automation-and-safety","7":"product_cat-home-garden","8":"product_cat-surveillance-video-cameras","9":"product_tag-tag_1304","10":"product_tag-tag_25","11":"product_tag-tag_556","13":"first","14":"instock","15":"shipping-taxable","16":"purchasable","17":"product-type-simple"},"jetpack_sharing_enabled":true,"_links":{"self":[{"href":"https:\/\/go4shop.eu\/de\/wp-json\/wp\/v2\/product\/104195","targetHints":{"allow":["GET"]}}],"collection":[{"href":"https:\/\/go4shop.eu\/de\/wp-json\/wp\/v2\/product"}],"about":[{"href":"https:\/\/go4shop.eu\/de\/wp-json\/wp\/v2\/types\/product"}],"replies":[{"embeddable":true,"href":"https:\/\/go4shop.eu\/de\/wp-json\/wp\/v2\/comments?post=104195"}],"wp:featuredmedia":[{"embeddable":true,"href":"https:\/\/go4shop.eu\/de\/wp-json\/wp\/v2\/media\/104186"}],"wp:attachment":[{"href":"https:\/\/go4shop.eu\/de\/wp-json\/wp\/v2\/media?parent=104195"}],"wp:term":[{"taxonomy":"product_brand","embeddable":true,"href":"https:\/\/go4shop.eu\/de\/wp-json\/wp\/v2\/product_brand?post=104195"},{"taxonomy":"product_cat","embeddable":true,"href":"https:\/\/go4shop.eu\/de\/wp-json\/wp\/v2\/product_cat?post=104195"},{"taxonomy":"product_tag","embeddable":true,"href":"https:\/\/go4shop.eu\/de\/wp-json\/wp\/v2\/product_tag?post=104195"}],"curies":[{"name":"wp","href":"https:\/\/api.w.org\/{rel}","templated":true}]}}