{"id":104111,"date":"2026-03-30T19:51:46","date_gmt":"2026-03-30T19:51:46","guid":{"rendered":"https:\/\/go4shop.eu\/en\/product\/surveillance-camcorder-abus-3\/"},"modified":"2026-04-02T07:06:32","modified_gmt":"2026-04-02T07:06:32","slug":"surveillance-camcorder-abus-3","status":"publish","type":"product","link":"https:\/\/go4shop.eu\/de\/product\/surveillance-camcorder-abus-3\/","title":{"rendered":"\u00dcberwachungskamera ABUS"},"content":{"rendered":"<p>Wenn Sie sich gerne um jedes Detail in Ihrem Haus k\u00fcmmern und die neuesten Produkte besitzen, die Ihnen das Leben leichter machen, kaufen Sie <b>\u00dcberwachungskamera ABUS<\/b> zum besten Preis.<\/p>\n<ul>\n<li>Typ: Videokamera<\/li>\n<li>Farbe: Schwarz<\/li>\n<li>Material: Metall<\/li>\n<li>Merkmale:\n<ul>\n<li>Integrierte Lautsprecher<\/li>\n<li>Eingebautes Mikrofon<\/li>\n<li>Drahtlos<\/li>\n<li>Wetterfest<\/li>\n<\/ul>\n<\/li>\n<li>Konnektivit\u00e4t:\n<ul>\n<li>Wi-Fi<\/li>\n<li>Drahtlos<\/li>\n<\/ul>\n<\/li>\n<li>Assembly: Wall mounting<\/li>\n<li>Spannung: 230 V<\/li>\n<li>Stromversorgung: Elektrisches Kabel<\/li>\n<li>Anzahl der Kameras: 1<\/li>\n<li>IP rating: IP66<\/li>\n<li>Funktionen:\n<ul>\n<li>Nachtsicht<\/li>\n<li>Bewegungssensor<\/li>\n<\/ul>\n<\/li>\n<li>Technologie:\n<ul>\n<li>Infrarot<\/li>\n<li>HDD<\/li>\n<\/ul>\n<\/li>\n<li>Resolution: 1080 p<\/li>\n<li>Maximum memory card size: 128 GB<\/li>\n<li>Ethernet: Nein<\/li>\n<li>Art der Installation: Wandmontage<\/li>\n<li>Colour temperature: 3000K<\/li>\n<li>Kompatible Speicherkarten: MicroSD (TransFlash)<\/li>\n<li>Energy consumption: 17 kWh<\/li>\n<li>Nicht enthalten: Bluetooth<\/li>\n<li>Focal Length: 4 mm<\/li>\n<\/ul>","protected":false},"excerpt":{"rendered":"<p>If you like to take care of every detail in your home and own the latest products that will make your life easier, purchase Surveillance Camcorder ABUS at the best price. Type: Videocamera Colour: Black Material: Metal Characteristics: Integrated speakers Built-in microphone Wireless Weather-resistant Connectivity: Wi-Fi Wireless Assembly: Wall mounting Voltage: 230 V Power supply: [&hellip;]<\/p>\n","protected":false},"featured_media":104096,"comment_status":"open","ping_status":"closed","template":"","meta":{"_monsterinsights_skip_tracking":false,"_monsterinsights_sitenote_active":false,"_monsterinsights_sitenote_note":"","_monsterinsights_sitenote_category":0,"_joinchat":[]},"product_brand":[],"product_cat":[1324,1323,1325],"product_tag":[1302,1303,1304],"class_list":{"0":"post-104111","1":"product","2":"type-product","3":"status-publish","4":"has-post-thumbnail","6":"product_cat-automation-and-safety","7":"product_cat-home-garden","8":"product_cat-surveillance-video-cameras","9":"product_tag-tag_1304","10":"product_tag-tag_25","11":"product_tag-tag_556","13":"first","14":"instock","15":"shipping-taxable","16":"purchasable","17":"product-type-simple"},"jetpack_sharing_enabled":true,"_links":{"self":[{"href":"https:\/\/go4shop.eu\/de\/wp-json\/wp\/v2\/product\/104111","targetHints":{"allow":["GET"]}}],"collection":[{"href":"https:\/\/go4shop.eu\/de\/wp-json\/wp\/v2\/product"}],"about":[{"href":"https:\/\/go4shop.eu\/de\/wp-json\/wp\/v2\/types\/product"}],"replies":[{"embeddable":true,"href":"https:\/\/go4shop.eu\/de\/wp-json\/wp\/v2\/comments?post=104111"}],"wp:featuredmedia":[{"embeddable":true,"href":"https:\/\/go4shop.eu\/de\/wp-json\/wp\/v2\/media\/104096"}],"wp:attachment":[{"href":"https:\/\/go4shop.eu\/de\/wp-json\/wp\/v2\/media?parent=104111"}],"wp:term":[{"taxonomy":"product_brand","embeddable":true,"href":"https:\/\/go4shop.eu\/de\/wp-json\/wp\/v2\/product_brand?post=104111"},{"taxonomy":"product_cat","embeddable":true,"href":"https:\/\/go4shop.eu\/de\/wp-json\/wp\/v2\/product_cat?post=104111"},{"taxonomy":"product_tag","embeddable":true,"href":"https:\/\/go4shop.eu\/de\/wp-json\/wp\/v2\/product_tag?post=104111"}],"curies":[{"name":"wp","href":"https:\/\/api.w.org\/{rel}","templated":true}]}}