{"id":103853,"date":"2026-03-30T19:46:48","date_gmt":"2026-03-30T19:46:48","guid":{"rendered":"https:\/\/go4shop.eu\/en\/product\/power-plug-wallbox-3\/"},"modified":"2026-04-02T07:06:31","modified_gmt":"2026-04-02T07:06:31","slug":"power-plug-wallbox-3","status":"publish","type":"product","link":"https:\/\/go4shop.eu\/de\/product\/power-plug-wallbox-3\/","title":{"rendered":"Ladeger\u00e4testeckdose Wandladestation"},"content":{"rendered":"<p>Wenn Sie sich gerne um jedes Detail in Ihrem Haus k\u00fcmmern und die neuesten Produkte besitzen, die Ihnen das Leben leichter machen, kaufen Sie <b>Ladeger\u00e4testeckdose Wandladestation<\/b> zum besten Preis.<\/p>\n<ul>\n<li>Type: Power Plug<\/li>\n<li>Farbe: Schwarz<\/li>\n<li>Macht:\n<ul>\n<li>22000 W<\/li>\n<li>7400 W<\/li>\n<\/ul>\n<\/li>\n<li>Konnektivit\u00e4t: Wi-Fi<\/li>\n<li>Assembly: Wall mounting<\/li>\n<li>Schutzart: IP54<\/li>\n<li>Output: 1<\/li>\n<li>Eingebautes Display: Nein<\/li>\n<li>Approx. temperature: -40\u00ba \/ 70\u00ba<\/li>\n<\/ul>","protected":false},"excerpt":{"rendered":"<p>If you like to take care of every detail in your home and own the latest products that will make your life easier, purchase Power Plug Wallbox at the best price. Type: Power Plug Colour: Black Power: 22000 W 7400 W Connectivity: Wi-Fi Assembly: Wall mounting IP rating: IP54 Output: 1 Built-in display: No Approx. [&hellip;]<\/p>\n","protected":false},"featured_media":103846,"comment_status":"open","ping_status":"closed","template":"","meta":{"_monsterinsights_skip_tracking":false,"_monsterinsights_sitenote_active":false,"_monsterinsights_sitenote_note":"","_monsterinsights_sitenote_category":0,"_joinchat":[]},"product_brand":[],"product_cat":[1324,1323,1331],"product_tag":[1303],"class_list":{"0":"post-103853","1":"product","2":"type-product","3":"status-publish","4":"has-post-thumbnail","6":"product_cat-automation-and-safety","7":"product_cat-home-garden","8":"product_cat-smart-sockets","9":"product_tag-tag_25","11":"first","12":"instock","13":"shipping-taxable","14":"purchasable","15":"product-type-simple"},"jetpack_sharing_enabled":true,"_links":{"self":[{"href":"https:\/\/go4shop.eu\/de\/wp-json\/wp\/v2\/product\/103853","targetHints":{"allow":["GET"]}}],"collection":[{"href":"https:\/\/go4shop.eu\/de\/wp-json\/wp\/v2\/product"}],"about":[{"href":"https:\/\/go4shop.eu\/de\/wp-json\/wp\/v2\/types\/product"}],"replies":[{"embeddable":true,"href":"https:\/\/go4shop.eu\/de\/wp-json\/wp\/v2\/comments?post=103853"}],"wp:featuredmedia":[{"embeddable":true,"href":"https:\/\/go4shop.eu\/de\/wp-json\/wp\/v2\/media\/103846"}],"wp:attachment":[{"href":"https:\/\/go4shop.eu\/de\/wp-json\/wp\/v2\/media?parent=103853"}],"wp:term":[{"taxonomy":"product_brand","embeddable":true,"href":"https:\/\/go4shop.eu\/de\/wp-json\/wp\/v2\/product_brand?post=103853"},{"taxonomy":"product_cat","embeddable":true,"href":"https:\/\/go4shop.eu\/de\/wp-json\/wp\/v2\/product_cat?post=103853"},{"taxonomy":"product_tag","embeddable":true,"href":"https:\/\/go4shop.eu\/de\/wp-json\/wp\/v2\/product_tag?post=103853"}],"curies":[{"name":"wp","href":"https:\/\/api.w.org\/{rel}","templated":true}]}}