{"id":103812,"date":"2026-03-30T19:46:05","date_gmt":"2026-03-30T19:46:05","guid":{"rendered":"https:\/\/go4shop.eu\/en\/product\/curling-tongs-loreal-professionnel-paris-steampod-4\/"},"modified":"2026-04-02T10:48:58","modified_gmt":"2026-04-02T10:48:58","slug":"curling-tongs-loreal-professionnel-paris-steampod-4","status":"publish","type":"product","link":"https:\/\/go4shop.eu\/de\/product\/curling-tongs-loreal-professionnel-paris-steampod-4\/","title":{"rendered":"Curlingzange L\u2019Oreal Professionnel Paris SteamPod 4"},"content":{"rendered":"<p>Wenn Sie auf der Suche nach neuen Markttrends sind, pr\u00e4sentieren wir Ihnen die <b>Curlingzange L\u2019Oreal Professionnel Paris SteamPod 4<\/b>!<\/p>\n<p>Die <b>SteamPod 4<\/b> von <b>L\u2019Oreal Professionnel Paris<\/b> ist ein fortgeschrittener Profi <b>Lockenstab<\/b> das Dampftechnologie mit einem auf komfortable und effiziente Nutzung ausgerichteten Design kombiniert. Dieses Ger\u00e4t zeichnet sich durch seine elegante <b>blaue Farbe<\/b> und seine Struktur aus <b>Keramikmaterial<\/b>, was f\u00fcr ein sanftes Gleiten \u00fcber das Haar sorgt, Reibungssch\u00e4den reduziert und die W\u00e4rme gleichm\u00e4\u00dfig verteilt. Es arbeitet mit einem <b>kabelgebundenes Netzger\u00e4t<\/b> und ist mit Standard-Steckern in Europa (EU-Stecker) kompatibel, was die Verwendung sowohl im Salon als auch zu Hause erleichtert. Sein integrierter <b>Dampf<\/b> Das System spendet dem Haar w\u00e4hrend des Stylens Feuchtigkeit, hilft bei der Formung definierter und langhaltender Locken, ohne die Haarfaser auszutrocknen. Zus\u00e4tzlich verf\u00fcgt es \u00fcber <b>3 Temperatureinstellungen<\/b>, was die Vielseitigkeit bietet, die ben\u00f6tigt wird, um verschiedene Haartypen und spezifische Bed\u00fcrfnisse zu erf\u00fcllen, von feinem und zartem Haar bis hin zu dickerem oder schwieriger zu stylendem Haar. Diese thermische Vielseitigkeit, kombiniert mit der Dampftechnologie und der Keramikbeschichtung, positioniert den SteamPod 4 als professionelles Werkzeug, das Pflege und Leistung in Einklang bringt. Das Set enth\u00e4lt au\u00dferdem eine konzentrierte Gl\u00e4ttungsbehandlung, die die Wirkung des Gl\u00e4tteisens und Lockenstabs erg\u00e4nzt und f\u00fcr glattere und leichter zu handhabende Ergebnisse sorgt. Kurz gesagt, der SteamPod 4 bietet eine technische Kombination, die f\u00fcr professionelle Stylisten und anspruchsvolle Benutzer entwickelt wurde, die eine fortschrittliche L\u00f6sung zum Locken und Gl\u00e4tten von Haaren mit hochwertigen Ergebnissen und effektiver Pflege suchen.<\/p>\n<ul>\n<li>Produkt mit Stecker: Ja<\/li>\n<li>Typ des Steckers: Stecker EU<\/li>\n<li>Stromversorgung:\n<ul>\n<li>Elektrisches Netz<\/li>\n<li>Elektrisches Kabel<\/li>\n<\/ul>\n<\/li>\n<li>Farbe: Blau<\/li>\n<li>Temperaturstufen:\n<ul>\n<li>3<\/li>\n<li>3 Ebenen<\/li>\n<\/ul>\n<\/li>\n<li>Material: Keramik<\/li>\n<li>Funktionen: Dampf<\/li>\n<\/ul>","protected":false},"excerpt":{"rendered":"<p>If you are looking for new market trending items, we present the Curling Tongs L&#8217;Oreal Professionnel Paris SteamPod 4! The SteamPod 4 from L&#8217;Oreal Professionnel Paris is an advanced professional hair curler that combines steam technology with a design focused on comfortable and efficient use. This device stands out for its elegant blue color and [&hellip;]<\/p>\n","protected":false},"featured_media":103808,"comment_status":"open","ping_status":"closed","template":"","meta":{"_monsterinsights_skip_tracking":false,"_monsterinsights_sitenote_active":false,"_monsterinsights_sitenote_note":"","_monsterinsights_sitenote_category":0,"_joinchat":[]},"product_brand":[],"product_cat":[1319,1322,1309],"product_tag":[1300,1302,1301],"class_list":{"0":"post-103812","1":"product","2":"type-product","3":"status-publish","4":"has-post-thumbnail","6":"product_cat-hair-products","7":"product_cat-hair-straighteners-and-curlers","8":"product_cat-health-beauty","9":"product_tag-tag_923","10":"product_tag-tag_1304","11":"product_tag-tag_930","13":"first","14":"instock","15":"shipping-taxable","16":"purchasable","17":"product-type-simple"},"jetpack_sharing_enabled":true,"_links":{"self":[{"href":"https:\/\/go4shop.eu\/de\/wp-json\/wp\/v2\/product\/103812","targetHints":{"allow":["GET"]}}],"collection":[{"href":"https:\/\/go4shop.eu\/de\/wp-json\/wp\/v2\/product"}],"about":[{"href":"https:\/\/go4shop.eu\/de\/wp-json\/wp\/v2\/types\/product"}],"replies":[{"embeddable":true,"href":"https:\/\/go4shop.eu\/de\/wp-json\/wp\/v2\/comments?post=103812"}],"wp:featuredmedia":[{"embeddable":true,"href":"https:\/\/go4shop.eu\/de\/wp-json\/wp\/v2\/media\/103808"}],"wp:attachment":[{"href":"https:\/\/go4shop.eu\/de\/wp-json\/wp\/v2\/media?parent=103812"}],"wp:term":[{"taxonomy":"product_brand","embeddable":true,"href":"https:\/\/go4shop.eu\/de\/wp-json\/wp\/v2\/product_brand?post=103812"},{"taxonomy":"product_cat","embeddable":true,"href":"https:\/\/go4shop.eu\/de\/wp-json\/wp\/v2\/product_cat?post=103812"},{"taxonomy":"product_tag","embeddable":true,"href":"https:\/\/go4shop.eu\/de\/wp-json\/wp\/v2\/product_tag?post=103812"}],"curies":[{"name":"wp","href":"https:\/\/api.w.org\/{rel}","templated":true}]}}