{"id":64,"date":"2025-12-08T11:49:44","date_gmt":"2025-12-08T11:49:44","guid":{"rendered":"https:\/\/go4shop.eu\/?page_id=64"},"modified":"2025-12-08T11:49:44","modified_gmt":"2025-12-08T11:49:44","slug":"schifffahrtspolitik","status":"publish","type":"page","link":"https:\/\/go4shop.eu\/de\/shipping-policy\/","title":{"rendered":"Versandpolitik"},"content":{"rendered":"<p>Zuletzt aktualisiert: 08\/12\/2025<\/p>\n\n\n\n<p>Wir sind bestrebt, Bestellungen in der gesamten Europ\u00e4ischen Union effizient und zuverl\u00e4ssig auszuliefern.<\/p>\n\n\n\n<ol class=\"wp-block-list\">\n<li>Auftragsabwicklung<br>Die meisten Bestellungen werden innerhalb von 1-3 Werktagen bearbeitet. In der Hochsaison kann die Bearbeitung l\u00e4nger dauern.<\/li>\n\n\n\n<li>Lieferzeiten<br>Die gesch\u00e4tzten Lieferzeiten liegen zwischen 3-10 Werktagen, je nach Bestimmungsort. Dies sind Sch\u00e4tzungen und nicht garantiert. Verz\u00f6gerungen, die durch Transportunternehmen verursacht werden, liegen au\u00dferhalb unserer Kontrolle.<\/li>\n\n\n\n<li>Kosten f\u00fcr den Versand<br>Die Versandkosten h\u00e4ngen vom Zielort, der Gr\u00f6\u00dfe und dem Gewicht des Pakets ab. Alle Kosten werden beim Checkout angezeigt.<\/li>\n\n\n\n<li>Fehlgeschlagene Lieferung<br>Wenn die Lieferadresse falsch ist oder das Paket nicht abgeholt wird, k\u00f6nnen zus\u00e4tzliche Kosten f\u00fcr die erneute Zustellung anfallen.<\/li>\n\n\n\n<li>Verlorene oder versp\u00e4tete Pakete<br>Wir unterst\u00fctzen Sie bei den Nachforschungen der Kuriere, sind aber nicht f\u00fcr Versp\u00e4tungen oder St\u00f6rungen der Kuriere verantwortlich.<\/li>\n\n\n\n<li>Besch\u00e4digte Pakete<br>Bitte melden Sie etwaige Sch\u00e4den innerhalb von 48 Stunden nach der Lieferung und f\u00fcgen Sie Fotos oder Videos bei.<\/li>\n\n\n\n<li>H\u00f6here Gewalt<br>Wir sind nicht verantwortlich f\u00fcr Verz\u00f6gerungen, die durch Ereignisse au\u00dferhalb unserer Kontrolle verursacht werden.<\/li>\n<\/ol>\n\n\n\n<p>Kontakt:<br><a>info@go4shop.eu<\/a><\/p>","protected":false},"excerpt":{"rendered":"<p>Last updated: 08\/12\/2025 We aim to deliver orders efficiently and reliably throughout the European Union. Contact:info@go4shop.eu<\/p>","protected":false},"author":1,"featured_media":0,"parent":0,"menu_order":0,"comment_status":"closed","ping_status":"closed","template":"","meta":{"_monsterinsights_skip_tracking":false,"_monsterinsights_sitenote_active":false,"_monsterinsights_sitenote_note":"","_monsterinsights_sitenote_category":0,"_joinchat":[],"footnotes":""},"class_list":["post-64","page","type-page","status-publish","hentry"],"jetpack_sharing_enabled":true,"_links":{"self":[{"href":"https:\/\/go4shop.eu\/de\/wp-json\/wp\/v2\/pages\/64","targetHints":{"allow":["GET"]}}],"collection":[{"href":"https:\/\/go4shop.eu\/de\/wp-json\/wp\/v2\/pages"}],"about":[{"href":"https:\/\/go4shop.eu\/de\/wp-json\/wp\/v2\/types\/page"}],"author":[{"embeddable":true,"href":"https:\/\/go4shop.eu\/de\/wp-json\/wp\/v2\/users\/1"}],"replies":[{"embeddable":true,"href":"https:\/\/go4shop.eu\/de\/wp-json\/wp\/v2\/comments?post=64"}],"version-history":[{"count":1,"href":"https:\/\/go4shop.eu\/de\/wp-json\/wp\/v2\/pages\/64\/revisions"}],"predecessor-version":[{"id":65,"href":"https:\/\/go4shop.eu\/de\/wp-json\/wp\/v2\/pages\/64\/revisions\/65"}],"wp:attachment":[{"href":"https:\/\/go4shop.eu\/de\/wp-json\/wp\/v2\/media?parent=64"}],"curies":[{"name":"wp","href":"https:\/\/api.w.org\/{rel}","templated":true}]}}