{"id":11,"date":"2025-12-08T11:43:07","date_gmt":"2025-12-08T11:43:07","guid":{"rendered":"https:\/\/go4shop.eu\/?page_id=11"},"modified":"2026-04-09T19:40:06","modified_gmt":"2026-04-09T19:40:06","slug":"ruckerstattung_ruckgaben","status":"publish","type":"page","link":"https:\/\/go4shop.eu\/de\/refund_returns\/","title":{"rendered":"Erstattungs- und R\u00fcckgabebestimmungen"},"content":{"rendered":"<p>Last updated: 09\/04\/2026<\/p>\n\n\n\n<p>Diese Politik steht im Einklang mit den EU-Verbraucherschutzvorschriften und gew\u00e4hrleistet gleichzeitig klare und faire Bedingungen f\u00fcr die R\u00fcckgabe.<\/p>\n\n\n\n<ol class=\"wp-block-list\">\n<li>R\u00fccktrittsrecht<br>EU-Kunden k\u00f6nnen innerhalb von 14 Tagen nach Erhalt der Ware vom Kauf zur\u00fccktreten. Ein schriftlicher Antrag muss gesendet werden an <a>info@go4shop.eu<\/a>.<\/li>\n\n\n\n<li>Zustand der zur\u00fcckgegebenen Artikel<br>Die Artikel m\u00fcssen unbenutzt, unbesch\u00e4digt, vollst\u00e4ndig und sauber sein und mit der Originalverpackung und allem Zubeh\u00f6r zur\u00fcckgegeben werden. Die R\u00fcckerstattung kann gek\u00fcrzt werden, wenn der Artikel Anzeichen einer unn\u00f6tigen Behandlung aufweist. Die R\u00fcckgabe kann abgelehnt werden, wenn das Produkt nicht weiterverkauft werden kann.<\/li>\n\n\n\n<li>B\u00fcndel und Sets<br>Produkte, die als Sets verkauft werden, m\u00fcssen als komplettes Set zur\u00fcckgegeben werden. Teilweise R\u00fcckgaben k\u00f6nnen nicht akzeptiert werden.<\/li>\n\n\n\n<li>R\u00fccksendung<br>Die Kosten f\u00fcr die R\u00fccksendung gehen zu Lasten des Kunden. R\u00fccksendungen per Nachnahme k\u00f6nnen nicht akzeptiert werden. <strong>Return Address: PreisDepot OU, Bahnhofstr. 32, 07922 Tanna Germany.<\/strong><\/li>\n\n\n\n<li>Erstattungsbearbeitung<br>R\u00fcckerstattungen werden innerhalb von 14 Tagen nach Erhalt und Pr\u00fcfung der zur\u00fcckgesandten Ware bearbeitet. Die Versandkosten werden nicht erstattet. Die R\u00fcckerstattungsbetr\u00e4ge k\u00f6nnen angepasst werden, wenn das Produkt Abnutzungserscheinungen, Flecken oder fehlende Komponenten aufweist.<\/li>\n\n\n\n<li>Nicht zur R\u00fcckgabe berechtigte Artikel<br>Nicht zur\u00fcckgenommen werden k\u00f6nnen ge\u00f6ffnete Hygieneartikel, durch Missbrauch oder Feuchtigkeit besch\u00e4digte Waren, Artikel, die Haustieren, Rauch oder Schmutz ausgesetzt waren, fehlende Komponenten, aktivierte digitale Waren und Produkte, die erhebliche Gebrauchsspuren aufweisen.<\/li>\n\n\n\n<li>Besch\u00e4digte oder fehlerhafte Artikel<br>Eventuelle Sch\u00e4den oder fehlerhafte Artikel m\u00fcssen innerhalb von 48 Stunden nach der Lieferung gemeldet werden, idealerweise mit Fotos oder Videobeweisen.<\/li>\n\n\n\n<li>Fehlgebrauch oder Missbrauch<br>Bei h\u00e4ufigem R\u00fcckgabe-Missbrauch, verd\u00e4chtigen Aktivit\u00e4ten oder Betrug k\u00f6nnen wir die R\u00fcckgabe einschr\u00e4nken oder ablehnen.<\/li>\n<\/ol>\n\n\n\n<p>Kontakt:<br><a>info@go4shop.eu<\/a><\/p>","protected":false},"excerpt":{"rendered":"<p>Last updated: 09\/04\/2026 This policy follows EU consumer rules while maintaining clear and fair conditions for returns. Contact:info@go4shop.eu<\/p>","protected":false},"author":1,"featured_media":0,"parent":0,"menu_order":0,"comment_status":"closed","ping_status":"closed","template":"","meta":{"_monsterinsights_skip_tracking":false,"_monsterinsights_sitenote_active":false,"_monsterinsights_sitenote_note":"","_monsterinsights_sitenote_category":0,"_joinchat":[],"footnotes":""},"class_list":["post-11","page","type-page","status-publish","hentry"],"jetpack_sharing_enabled":true,"_links":{"self":[{"href":"https:\/\/go4shop.eu\/de\/wp-json\/wp\/v2\/pages\/11","targetHints":{"allow":["GET"]}}],"collection":[{"href":"https:\/\/go4shop.eu\/de\/wp-json\/wp\/v2\/pages"}],"about":[{"href":"https:\/\/go4shop.eu\/de\/wp-json\/wp\/v2\/types\/page"}],"author":[{"embeddable":true,"href":"https:\/\/go4shop.eu\/de\/wp-json\/wp\/v2\/users\/1"}],"replies":[{"embeddable":true,"href":"https:\/\/go4shop.eu\/de\/wp-json\/wp\/v2\/comments?post=11"}],"version-history":[{"count":5,"href":"https:\/\/go4shop.eu\/de\/wp-json\/wp\/v2\/pages\/11\/revisions"}],"predecessor-version":[{"id":105308,"href":"https:\/\/go4shop.eu\/de\/wp-json\/wp\/v2\/pages\/11\/revisions\/105308"}],"wp:attachment":[{"href":"https:\/\/go4shop.eu\/de\/wp-json\/wp\/v2\/media?parent=11"}],"curies":[{"name":"wp","href":"https:\/\/api.w.org\/{rel}","templated":true}]}}